{"id":782,"date":"2022-10-07T13:37:18","date_gmt":"2022-10-07T13:37:18","guid":{"rendered":"https:\/\/theme.madsparrow.me\/most\/?page_id=782"},"modified":"2025-12-29T16:43:48","modified_gmt":"2025-12-29T16:43:48","slug":"full-page-slider","status":"publish","type":"page","link":"https:\/\/aaanewev.com\/fr\/","title":{"rendered":"Home"},"content":{"rendered":"<div data-elementor-type=\"wp-page\" data-elementor-id=\"782\" class=\"elementor elementor-782\">\n\t\t\t\t\t\t<section class=\"elementor-section elementor-top-section elementor-element elementor-element-413590e elementor-section-full_width elementor-section-height-full elementor-section-height-default elementor-section-items-middle\" data-id=\"413590e\" data-element_type=\"section\" data-e-type=\"section\">\n\t\t\t\t\t\t<div class=\"elementor-container elementor-column-gap-no\">\n\t\t\t\t\t<div class=\"elementor-column elementor-col-100 elementor-top-column elementor-element elementor-element-1cc38ab elementor-invisible\" data-id=\"1cc38ab\" data-element_type=\"column\" data-e-type=\"column\" data-settings=\"{&quot;animation&quot;:&quot;fadeIn&quot;}\">\n\t\t\t<div class=\"elementor-widget-wrap elementor-element-populated\">\n\t\t\t\t\t\t<div class=\"elementor-element elementor-element-dc20e9d animated-slow elementor-invisible elementor-widget elementor-widget-ms_slider_fs\" data-id=\"dc20e9d\" data-element_type=\"widget\" data-e-type=\"widget\" data-settings=\"{&quot;_animation&quot;:&quot;fadeIn&quot;}\" data-widget_type=\"ms_slider_fs.default\">\n\t\t\t\t<div class=\"elementor-widget-container\">\n\t\t\t\t\t\r\n        <div class=\"ms-swiper-content\">\r\n            <div class=\"ms-slider\" data-nav=\"\" data-autoplay=\"\" data-centered=\"off\" data-mousewheel=\"on\" data-simulatetouch=\"on\" data-grabcursor=\"on\" data-effect=\"slide\" data-direction=\"vertical\" data-loop=\"\" data-spv=\"1\" data-spv-t=\"1\" data-spv-m=\"1\" data-space=\"0\" data-space-t=\"0\" data-space-m=\"0\" data-speed=\"2000\">\r\n                <div class=\"swiper-wrapper\">\r\n                                                                    <div class=\"swiper-slide\">\r\n                                                    <div class=\"slide-inner\" data-swiper-parallax=\"70%\">\r\n                            \r\n                                                                    <div class=\"ms-slider--img\">\r\n                                        <img fetchpriority=\"high\" decoding=\"async\" width=\"2560\" height=\"1280\" src=\"https:\/\/aaanewev.com\/wp-content\/uploads\/2025\/08\/yangwang-u8l-gold-hero-scaled.webp\" class=\"attachment-full size-full wp-image-6025\" alt=\"yangwang u8l gold hero\" srcset=\"https:\/\/aaanewev.com\/wp-content\/uploads\/2025\/08\/yangwang-u8l-gold-hero-scaled.webp 2560w, https:\/\/aaanewev.com\/wp-content\/uploads\/2025\/08\/yangwang-u8l-gold-hero-300x150.webp 300w, https:\/\/aaanewev.com\/wp-content\/uploads\/2025\/08\/yangwang-u8l-gold-hero-1024x512.webp 1024w, https:\/\/aaanewev.com\/wp-content\/uploads\/2025\/08\/yangwang-u8l-gold-hero-768x384.webp 768w, https:\/\/aaanewev.com\/wp-content\/uploads\/2025\/08\/yangwang-u8l-gold-hero-1536x768.webp 1536w, https:\/\/aaanewev.com\/wp-content\/uploads\/2025\/08\/yangwang-u8l-gold-hero-2048x1024.webp 2048w, https:\/\/aaanewev.com\/wp-content\/uploads\/2025\/08\/yangwang-u8l-gold-hero-18x9.webp 18w, https:\/\/aaanewev.com\/wp-content\/uploads\/2025\/08\/yangwang-u8l-gold-hero-400x200.webp 400w, https:\/\/aaanewev.com\/wp-content\/uploads\/2025\/08\/yangwang-u8l-gold-hero-1120x560.webp 1120w\" sizes=\"(max-width: 2560px) 100vw, 2560px\" \/>                                    <\/div>\r\n                                                                \r\n                                \r\n                                                                                                                                            <div class=\"ms-slider--cont\" data-swiper-parallax=\"-70%\">\r\n                                            <div class=\"ms-cont__inner\">\r\n\r\n                                                                                                    <h3 class=\"ms-sc--st\">NIVEAU A+ <\/h3>\r\n                                                \r\n                                                                                                    <h1 class=\"ms-sc--t\">TECHNOLOGIE<\/h1>\r\n                                                                                                \r\n                                                                                                    <p class=\"ms-sc--desc translation-block\">Avec AAANew EV, conduisez vers l'avenir avec des v\u00e9hicules \u00e9lectriques de pointe <br> qui combinent une technologie de pointe, z\u00e9ro \u00e9mission et <br> une exp\u00e9rience de conduite exaltante<\/p>\r\n                                                \r\n                                                                                                    <div class=\"btn-wrap\">\r\n                                                        <a class=\"btn btn-circle btn--md\" role=\"button\" href=\"https:\/\/aaanewev.com\/our-evs\/\">\r\n                                                            <div class=\"ms-btn--circle\">\r\n                                                                <div class=\"circle\">\r\n                                                                    <div class=\"circle-fill\"><\/div>\r\n                                                                    <svg viewbox=\"0 0 50 50\" xmlns=\"http:\/\/www.w3.org\/2000\/svg\" class=\"circle-outline\"><circle cx=\"25\" cy=\"25\" r=\"23\"><\/circle><\/svg>\r\n                                                                        <div class=\"circle-icon\">\r\n                                                                            <svg viewbox=\"0 0 12 10\" fill=\"none\" xmlns=\"http:\/\/www.w3.org\/2000\/svg\" class=\"icon-arrow\">\r\n                                                                                <path d=\"M0 5.65612V4.30388L8.41874 4.31842L5.05997 0.95965L5.99054 0L10.9923 4.97273L6.00508 9.96L5.07451 9.00035L8.43328 5.64158L0 5.65612Z\"><\/path>\r\n                                                                            <\/svg>\r\n                                                                        <\/div>\t\t\t\t\t\r\n                                                                    <\/div>\r\n                                                            <\/div>\r\n\r\n                                                            <div class=\"ms-btn--label\">\r\n                                                                <div class=\"ms-btn__text\">Nos V\u00e9hicules \u00e9lectriques<\/div>\r\n                                                                <div class=\"ms-btn__border\"><\/div>\r\n                                                            <\/div>\r\n                                                        <\/a>\r\n                                                    <\/div>\r\n                                                                                            <\/div>\r\n                                        <\/div>\r\n                                                                                                <\/div>\r\n                        <\/div>\r\n                                                                    <div class=\"swiper-slide\">\r\n                                                    <div class=\"slide-inner\" data-swiper-parallax=\"70%\">\r\n                            \r\n                                                                    <div class=\"ms-slider--img\">\r\n                                        <img decoding=\"async\" width=\"2560\" height=\"1280\" src=\"https:\/\/aaanewev.com\/wp-content\/uploads\/2025\/03\/byd-atto2-charging-01-l-scaled.jpg\" class=\"attachment-full size-full wp-image-3491\" alt=\"EV Charging in Ghana\" srcset=\"https:\/\/aaanewev.com\/wp-content\/uploads\/2025\/03\/byd-atto2-charging-01-l-scaled.jpg 2560w, https:\/\/aaanewev.com\/wp-content\/uploads\/2025\/03\/byd-atto2-charging-01-l-300x150.jpg 300w, https:\/\/aaanewev.com\/wp-content\/uploads\/2025\/03\/byd-atto2-charging-01-l-1024x512.jpg 1024w, https:\/\/aaanewev.com\/wp-content\/uploads\/2025\/03\/byd-atto2-charging-01-l-768x384.jpg 768w, https:\/\/aaanewev.com\/wp-content\/uploads\/2025\/03\/byd-atto2-charging-01-l-1536x768.jpg 1536w, https:\/\/aaanewev.com\/wp-content\/uploads\/2025\/03\/byd-atto2-charging-01-l-2048x1024.jpg 2048w, https:\/\/aaanewev.com\/wp-content\/uploads\/2025\/03\/byd-atto2-charging-01-l-400x200.jpg 400w, https:\/\/aaanewev.com\/wp-content\/uploads\/2025\/03\/byd-atto2-charging-01-l-1120x560.jpg 1120w, https:\/\/aaanewev.com\/wp-content\/uploads\/2025\/03\/byd-atto2-charging-01-l-700x350.jpg 700w\" sizes=\"(max-width: 2560px) 100vw, 2560px\" \/>                                    <\/div>\r\n                                                                \r\n                                \r\n                                                                                                                                            <div class=\"ms-slider--cont\" data-swiper-parallax=\"-70%\">\r\n                                            <div class=\"ms-cont__inner\">\r\n\r\n                                                                                                    <h3 class=\"ms-sc--st\">NIVEAU A+<\/h3>\r\n                                                \r\n                                                                                                    <h1 class=\"ms-sc--t\">CHARGEURS<\/h1>\r\n                                                                                                \r\n                                                                                                    <p class=\"ms-sc--desc translation-block\">D\u00e9couvrez la nouvelle g\u00e9n\u00e9ration de chargeurs pour v\u00e9hicules \u00e9lectriques<br>\u2014rapides, efficaces et parfaits pour la maison ou en d\u00e9placement,<br>vous offrant plus de temps sur la route et moins de temps d'attente.<\/p>\r\n                                                \r\n                                                                                                    <div class=\"btn-wrap\">\r\n                                                        <a class=\"btn btn-circle btn--md\" role=\"button\" href=\"https:\/\/aaanewev.com\/about-us\/\">\r\n                                                            <div class=\"ms-btn--circle\">\r\n                                                                <div class=\"circle\">\r\n                                                                    <div class=\"circle-fill\"><\/div>\r\n                                                                    <svg viewbox=\"0 0 50 50\" xmlns=\"http:\/\/www.w3.org\/2000\/svg\" class=\"circle-outline\"><circle cx=\"25\" cy=\"25\" r=\"23\"><\/circle><\/svg>\r\n                                                                        <div class=\"circle-icon\">\r\n                                                                            <svg viewbox=\"0 0 12 10\" fill=\"none\" xmlns=\"http:\/\/www.w3.org\/2000\/svg\" class=\"icon-arrow\">\r\n                                                                                <path d=\"M0 5.65612V4.30388L8.41874 4.31842L5.05997 0.95965L5.99054 0L10.9923 4.97273L6.00508 9.96L5.07451 9.00035L8.43328 5.64158L0 5.65612Z\"><\/path>\r\n                                                                            <\/svg>\r\n                                                                        <\/div>\t\t\t\t\t\r\n                                                                    <\/div>\r\n                                                            <\/div>\r\n\r\n                                                            <div class=\"ms-btn--label\">\r\n                                                                <div class=\"ms-btn__text\">Apprendre encore plus<\/div>\r\n                                                                <div class=\"ms-btn__border\"><\/div>\r\n                                                            <\/div>\r\n                                                        <\/a>\r\n                                                    <\/div>\r\n                                                                                            <\/div>\r\n                                        <\/div>\r\n                                                                                                <\/div>\r\n                        <\/div>\r\n                                                                    <div class=\"swiper-slide\">\r\n                                                    <div class=\"slide-inner\" data-swiper-parallax=\"70%\">\r\n                            \r\n                                                                \r\n                                                                    <div class=\"ms-slider--video\">\r\n\r\n                                                                                    <div data-vbg-mobile=\"true\" data-vbg-start-at=\"\" data-vbg-end-at=\"\" data-vbg=\"https:\/\/www.youtube.com\/watch?v=CHVAhITvfWE\"><\/div>\r\n                                        \r\n                                        \r\n                                        \r\n                                    <\/div>\r\n                                \r\n                                                                                                                                            <div class=\"ms-slider--cont\" data-swiper-parallax=\"-70%\">\r\n                                            <div class=\"ms-cont__inner\">\r\n\r\n                                                                                                    <h3 class=\"ms-sc--st\">NIVEAU A+<\/h3>\r\n                                                \r\n                                                                                                    <h1 class=\"ms-sc--t\">FOURNITURE ET ENTRETIEN<\/h1>\r\n                                                                                                \r\n                                                                                                    <p class=\"ms-sc--desc translation-block\">Nous proposons des v\u00e9hicules \u00e9lectriques de qualit\u00e9 sup\u00e9rieure et des services de maintenance complets,<br> garantissant que votre voiture \u00e9lectrique reste efficace, fiable et pr\u00eate \u00e0 prendre la route.<\/p>\r\n                                                \r\n                                                                                                    <div class=\"btn-wrap\">\r\n                                                        <a class=\"btn btn-circle btn--md\" role=\"button\" href=\"https:\/\/aaanewev.com\/contact\/\">\r\n                                                            <div class=\"ms-btn--circle\">\r\n                                                                <div class=\"circle\">\r\n                                                                    <div class=\"circle-fill\"><\/div>\r\n                                                                    <svg viewbox=\"0 0 50 50\" xmlns=\"http:\/\/www.w3.org\/2000\/svg\" class=\"circle-outline\"><circle cx=\"25\" cy=\"25\" r=\"23\"><\/circle><\/svg>\r\n                                                                        <div class=\"circle-icon\">\r\n                                                                            <svg viewbox=\"0 0 12 10\" fill=\"none\" xmlns=\"http:\/\/www.w3.org\/2000\/svg\" class=\"icon-arrow\">\r\n                                                                                <path d=\"M0 5.65612V4.30388L8.41874 4.31842L5.05997 0.95965L5.99054 0L10.9923 4.97273L6.00508 9.96L5.07451 9.00035L8.43328 5.64158L0 5.65612Z\"><\/path>\r\n                                                                            <\/svg>\r\n                                                                        <\/div>\t\t\t\t\t\r\n                                                                    <\/div>\r\n                                                            <\/div>\r\n\r\n                                                            <div class=\"ms-btn--label\">\r\n                                                                <div class=\"ms-btn__text\">Entrer en contact<\/div>\r\n                                                                <div class=\"ms-btn__border\"><\/div>\r\n                                                            <\/div>\r\n                                                        <\/a>\r\n                                                    <\/div>\r\n                                                                                            <\/div>\r\n                                        <\/div>\r\n                                                                                                <\/div>\r\n                        <\/div>\r\n                                    <\/div>\r\n                                                    <div class=\"ms-slider--progress center\">\r\n                        <div class=\"ms-slider--count\"><\/div>\r\n                        <div class=\"ms-slider--pagination swiper-pagination\"><\/div>\r\n                        <div class=\"ms-slider--count__total\"><\/div>\r\n                    <\/div>\r\n                            <\/div>\r\n        <\/div>\r\n\t\t\t\t\t\t<\/div>\n\t\t\t\t<\/div>\n\t\t\t\t\t<\/div>\n\t\t<\/div>\n\t\t\t\t\t<\/div>\n\t\t<\/section>\n\t\t\t\t<\/div>","protected":false},"excerpt":{"rendered":"<p>GRADE A+ TECHNOLOGY With AAANew EV, Drive the future with cutting-edge electric vehicles that combine advanced technology, zero emissions, and an exhilarating driving experience [&hellip;]<\/p>\n","protected":false},"author":1,"featured_media":4673,"parent":0,"menu_order":0,"comment_status":"closed","ping_status":"closed","template":"page-no-footer.php","meta":{"_acf_changed":false,"_uag_custom_page_level_css":"","footnotes":""},"categories":[],"tags":[94,215,216,219,218,217,82,214,97,99,213,98],"class_list":["post-782","page","type-page","status-publish","has-post-thumbnail","hentry","tag-best-ev-company-in-ghana-2","tag-byd-in-ghana","tag-byds-in-ghana","tag-drive-ev","tag-drive-ev-gh","tag-drive-ev-ghana","tag-electric-vehicles-ghana","tag-ev-cars-in-ghana","tag-ev-companies-in-ghana","tag-evs-in-accra","tag-evs-in-ghana","tag-top-ev-companies-in-ghana"],"acf":[],"aioseo_notices":[],"uagb_featured_image_src":{"full":["https:\/\/aaanewev.com\/wp-content\/uploads\/2025\/04\/aaanew-ev-dp-scaled.jpg",2560,2560,false],"thumbnail":["https:\/\/aaanewev.com\/wp-content\/uploads\/2025\/04\/aaanew-ev-dp-150x150.jpg",150,150,true],"medium":["https:\/\/aaanewev.com\/wp-content\/uploads\/2025\/04\/aaanew-ev-dp-300x300.jpg",300,300,true],"medium_large":["https:\/\/aaanewev.com\/wp-content\/uploads\/2025\/04\/aaanew-ev-dp-768x768.jpg",768,768,true],"large":["https:\/\/aaanewev.com\/wp-content\/uploads\/2025\/04\/aaanew-ev-dp-1024x1024.jpg",1024,1024,true],"1536x1536":["https:\/\/aaanewev.com\/wp-content\/uploads\/2025\/04\/aaanew-ev-dp-1536x1536.jpg",1536,1536,true],"2048x2048":["https:\/\/aaanewev.com\/wp-content\/uploads\/2025\/04\/aaanew-ev-dp-2048x2048.jpg",2048,2048,true],"trp-custom-language-flag":["https:\/\/aaanewev.com\/wp-content\/uploads\/2025\/04\/aaanew-ev-dp-scaled.jpg",12,12,false],"most-default-post-thumb":["https:\/\/aaanewev.com\/wp-content\/uploads\/2025\/04\/aaanew-ev-dp-1290x684.jpg",1290,684,true],"most-card-post-thumb":["https:\/\/aaanewev.com\/wp-content\/uploads\/2025\/04\/aaanew-ev-dp-268x268.jpg",268,268,true],"most-list-post-thumb":["https:\/\/aaanewev.com\/wp-content\/uploads\/2025\/04\/aaanew-ev-dp-500x288.jpg",500,288,true],"most-portfolio-thumb":["https:\/\/aaanewev.com\/wp-content\/uploads\/2025\/04\/aaanew-ev-dp-1120x1120.jpg",1120,1120,true],"most-portfolio-nav-thumb":["https:\/\/aaanewev.com\/wp-content\/uploads\/2025\/04\/aaanew-ev-dp-1024x768.jpg",1024,768,true],"most-recent-post-thumb":["https:\/\/aaanewev.com\/wp-content\/uploads\/2025\/04\/aaanew-ev-dp-90x90.jpg",90,90,true]},"uagb_author_info":{"display_name":"Admin","author_link":"https:\/\/aaanewev.com\/fr\/author\/admin\/"},"uagb_comment_info":0,"uagb_excerpt":"GRADE A+ TECHNOLOGY With AAANew EV, Drive the future with cutting-edge electric vehicles that combine advanced technology, zero emissions, and an exhilarating driving experience [&hellip;]","_links":{"self":[{"href":"https:\/\/aaanewev.com\/fr\/wp-json\/wp\/v2\/pages\/782","targetHints":{"allow":["GET"]}}],"collection":[{"href":"https:\/\/aaanewev.com\/fr\/wp-json\/wp\/v2\/pages"}],"about":[{"href":"https:\/\/aaanewev.com\/fr\/wp-json\/wp\/v2\/types\/page"}],"author":[{"embeddable":true,"href":"https:\/\/aaanewev.com\/fr\/wp-json\/wp\/v2\/users\/1"}],"replies":[{"embeddable":true,"href":"https:\/\/aaanewev.com\/fr\/wp-json\/wp\/v2\/comments?post=782"}],"version-history":[{"count":0,"href":"https:\/\/aaanewev.com\/fr\/wp-json\/wp\/v2\/pages\/782\/revisions"}],"wp:featuredmedia":[{"embeddable":true,"href":"https:\/\/aaanewev.com\/fr\/wp-json\/wp\/v2\/media\/4673"}],"wp:attachment":[{"href":"https:\/\/aaanewev.com\/fr\/wp-json\/wp\/v2\/media?parent=782"}],"wp:term":[{"taxonomy":"category","embeddable":true,"href":"https:\/\/aaanewev.com\/fr\/wp-json\/wp\/v2\/categories?post=782"},{"taxonomy":"post_tag","embeddable":true,"href":"https:\/\/aaanewev.com\/fr\/wp-json\/wp\/v2\/tags?post=782"}],"curies":[{"name":"wp","href":"https:\/\/api.w.org\/{rel}","templated":true}]}}